{"id":823,"date":"2014-12-21T15:11:02","date_gmt":"2014-12-21T13:11:02","guid":{"rendered":"http:\/\/1step-fi.pm2.fi\/?page_id=823"},"modified":"2014-12-21T15:11:02","modified_gmt":"2014-12-21T13:11:02","slug":"blog-archive","status":"publish","type":"page","link":"https:\/\/1step.fi\/de\/blog-archive\/","title":{"rendered":"Blog archive"},"content":{"rendered":"<p><ul class=\"lcp_catlist\" id=\"lcp_instance_0\"><li><a href=\"https:\/\/1step.fi\/de\/2016\/01\/23\/moikka-maailma\/\">Moikka maailma!<\/a><span class=\"paiva\">  Samstag Januar 23rd, 2016<\/span><\/li><\/ul><\/p>","protected":false},"excerpt":{"rendered":"<p>Tervetuloa k\u00e4ytt\u00e4m\u00e4\u00e4n WordPress-ohjelmaa. T\u00e4m\u00e4 on ensimm\u00e4inen artikkelisi. Muokkaa sit\u00e4 tai poista se ja aloita bloggaaminen!<\/p>\n","protected":false},"author":1,"featured_media":0,"parent":0,"menu_order":0,"comment_status":"open","ping_status":"open","template":"","meta":{"_monsterinsights_skip_tracking":false,"_monsterinsights_sitenote_active":false,"_monsterinsights_sitenote_note":"","_monsterinsights_sitenote_category":0,"footnotes":""},"class_list":["post-823","page","type-page","status-publish","hentry"],"_links":{"self":[{"href":"https:\/\/1step.fi\/de\/wp-json\/wp\/v2\/pages\/823"}],"collection":[{"href":"https:\/\/1step.fi\/de\/wp-json\/wp\/v2\/pages"}],"about":[{"href":"https:\/\/1step.fi\/de\/wp-json\/wp\/v2\/types\/page"}],"author":[{"embeddable":true,"href":"https:\/\/1step.fi\/de\/wp-json\/wp\/v2\/users\/1"}],"replies":[{"embeddable":true,"href":"https:\/\/1step.fi\/de\/wp-json\/wp\/v2\/comments?post=823"}],"version-history":[{"count":0,"href":"https:\/\/1step.fi\/de\/wp-json\/wp\/v2\/pages\/823\/revisions"}],"wp:attachment":[{"href":"https:\/\/1step.fi\/de\/wp-json\/wp\/v2\/media?parent=823"}],"curies":[{"name":"wp","href":"https:\/\/api.w.org\/{rel}","templated":true}]}}