{"id":751,"date":"2014-12-18T13:35:58","date_gmt":"2014-12-18T11:35:58","guid":{"rendered":"http:\/\/1step-fi.pm2.fi\/?page_id=751"},"modified":"2016-01-23T18:40:51","modified_gmt":"2016-01-23T16:40:51","slug":"business-coaching-and-consulting","status":"publish","type":"page","link":"https:\/\/1step.fi\/fi\/services\/business-coaching-and-consulting\/","title":{"rendered":"Yritysvalmennus ja konsultointi"},"content":{"rendered":"<p>Vientiyrityksen apupaketti sis\u00e4lt\u00e4\u00e4 yritysvalmennusta, ja samalla vied\u00e4\u00e4n loppuun yritykselle tehty toimintasuunnitelma. Lyhin aika on 6 kuukautta.<\/p>\n<p>Tarjolla on kolme eri tukipakettia.<\/p>\n<div class=\"threecol-one\">\n<h3>Tukipaketit<\/h3>\n<\/div>\n<p><div class=\"threecol-one\"><b>Tuki s\u00e4hk\u00f6postitse<\/b><\/div> <div class=\"threecol-one last\">Tuki ja apu saatavissa s\u00e4hk\u00f6postin kautta \u2013 vastausaika on 48 tuntia.<\/div><div class=\"clear\"><\/div><\/p>\n<p><div class=\"threecol-one\"> <\/div><br \/>\n<b><div class=\"threecol-one\">Suora kuukausittainen tuki \/ konsultaatio<\/div><\/b><div class=\"threecol-one last\">Kuukausittaiset valmennukset \/ konsultaatio tapaamiset, joissa seurataan tiekartan \/ projektisuunnitelman etenemist\u00e4. Joko Voice over IP (Skype) tai tapaaminen asiakkaan tiloissa. <\/div><div class=\"clear\"><\/div><\/p>\n<p><div class=\"threecol-one\"> <\/div><br \/>\n<b><div class=\"threecol-one\">Suora viikoittainen tuki \/ konsultaatio<\/div><\/b><div class=\"threecol-one last\">Viikoittaiset valmennukset \/ konsultaatio tapaamiset, joissa seurataan tiekartan \/ projektisuunnitelman etenemist\u00e4. Joko Voice over IP (Skype) tai tapaaminen asiakkaan tiloissa.<\/div><div class=\"clear\"><\/div><\/p>","protected":false},"excerpt":{"rendered":"<p>Vientiyrityksen apupaketti sis\u00e4lt\u00e4\u00e4 yritysvalmennusta, ja samalla vied\u00e4\u00e4n loppuun yritykselle tehty toimintasuunnitelma. Lyhin aika on 6 kuukautta. Tarjolla on kolme eri tukipakettia.<\/p>\n","protected":false},"author":1,"featured_media":0,"parent":578,"menu_order":0,"comment_status":"open","ping_status":"open","template":"","meta":{"_monsterinsights_skip_tracking":false,"_monsterinsights_sitenote_active":false,"_monsterinsights_sitenote_note":"","_monsterinsights_sitenote_category":0,"footnotes":""},"class_list":["post-751","page","type-page","status-publish","hentry"],"_links":{"self":[{"href":"https:\/\/1step.fi\/fi\/wp-json\/wp\/v2\/pages\/751"}],"collection":[{"href":"https:\/\/1step.fi\/fi\/wp-json\/wp\/v2\/pages"}],"about":[{"href":"https:\/\/1step.fi\/fi\/wp-json\/wp\/v2\/types\/page"}],"author":[{"embeddable":true,"href":"https:\/\/1step.fi\/fi\/wp-json\/wp\/v2\/users\/1"}],"replies":[{"embeddable":true,"href":"https:\/\/1step.fi\/fi\/wp-json\/wp\/v2\/comments?post=751"}],"version-history":[{"count":1,"href":"https:\/\/1step.fi\/fi\/wp-json\/wp\/v2\/pages\/751\/revisions"}],"predecessor-version":[{"id":939,"href":"https:\/\/1step.fi\/fi\/wp-json\/wp\/v2\/pages\/751\/revisions\/939"}],"up":[{"embeddable":true,"href":"https:\/\/1step.fi\/fi\/wp-json\/wp\/v2\/pages\/578"}],"wp:attachment":[{"href":"https:\/\/1step.fi\/fi\/wp-json\/wp\/v2\/media?parent=751"}],"curies":[{"name":"wp","href":"https:\/\/api.w.org\/{rel}","templated":true}]}}