{"id":753,"date":"2014-12-18T13:36:18","date_gmt":"2014-12-18T11:36:18","guid":{"rendered":"http:\/\/1step-fi.pm2.fi\/?page_id=753"},"modified":"2016-01-23T18:40:56","modified_gmt":"2016-01-23T16:40:56","slug":"training","status":"publish","type":"page","link":"https:\/\/1step.fi\/fi\/services\/training\/","title":{"rendered":"Koulutus"},"content":{"rendered":"<p><div class=\"twocol-one\">\nAsiantuntijan koulutuspaketti kansainv\u00e4liseen kasvuun. Koulutuksen kesto riippuu asiakkaan toiveista ja tarpeista.<\/p>\n<p>Pyydett\u00e4ess\u00e4 koulutusta my\u00f6s muista aiheista!<br \/>\n<\/div><\/p>\n<p><div class=\"twocol-one last\">\nAsiantuntijan koulutuspaketti, jossa keskityt\u00e4\u00e4n vientiin liittyviin aiheisiin. Koulutusta asiakkaan ty\u00f6ntekij\u00f6ille tai Saksan markkinoiden jakelukanaville.<br \/>\n<\/div><div class=\"clear\"><\/div><\/p>","protected":false},"excerpt":{"rendered":"","protected":false},"author":1,"featured_media":0,"parent":578,"menu_order":0,"comment_status":"open","ping_status":"open","template":"","meta":{"_monsterinsights_skip_tracking":false,"_monsterinsights_sitenote_active":false,"_monsterinsights_sitenote_note":"","_monsterinsights_sitenote_category":0,"footnotes":""},"class_list":["post-753","page","type-page","status-publish","hentry"],"_links":{"self":[{"href":"https:\/\/1step.fi\/fi\/wp-json\/wp\/v2\/pages\/753"}],"collection":[{"href":"https:\/\/1step.fi\/fi\/wp-json\/wp\/v2\/pages"}],"about":[{"href":"https:\/\/1step.fi\/fi\/wp-json\/wp\/v2\/types\/page"}],"author":[{"embeddable":true,"href":"https:\/\/1step.fi\/fi\/wp-json\/wp\/v2\/users\/1"}],"replies":[{"embeddable":true,"href":"https:\/\/1step.fi\/fi\/wp-json\/wp\/v2\/comments?post=753"}],"version-history":[{"count":1,"href":"https:\/\/1step.fi\/fi\/wp-json\/wp\/v2\/pages\/753\/revisions"}],"predecessor-version":[{"id":941,"href":"https:\/\/1step.fi\/fi\/wp-json\/wp\/v2\/pages\/753\/revisions\/941"}],"up":[{"embeddable":true,"href":"https:\/\/1step.fi\/fi\/wp-json\/wp\/v2\/pages\/578"}],"wp:attachment":[{"href":"https:\/\/1step.fi\/fi\/wp-json\/wp\/v2\/media?parent=753"}],"curies":[{"name":"wp","href":"https:\/\/api.w.org\/{rel}","templated":true}]}}